{"id":8,"date":"2024-10-30T09:55:38","date_gmt":"2024-10-30T08:55:38","guid":{"rendered":"https:\/\/lamaquia.cat\/cat\/front_page\/"},"modified":"2025-02-20T11:29:44","modified_gmt":"2025-02-20T10:29:44","slug":"front_page","status":"publish","type":"page","link":"https:\/\/lamaquia.cat\/cas\/","title":{"rendered":"Inicio"},"content":{"rendered":"\n\n","protected":false},"excerpt":{"rendered":"","protected":false},"author":1,"featured_media":0,"parent":0,"menu_order":0,"comment_status":"closed","ping_status":"closed","template":"","meta":{"saved_in_kubio":true,"footnotes":""},"class_list":["post-8","page","type-page","status-publish","hentry"],"kubio_ai_page_context":{"short_desc":"","purpose":"general"},"yoast_head":"<!-- This site is optimized with the Yoast SEO plugin v23.7 - https:\/\/yoast.com\/wordpress\/plugins\/seo\/ -->\n<title>Inicio - La Maquia<\/title>\n<meta name=\"robots\" content=\"index, follow, max-snippet:-1, max-image-preview:large, max-video-preview:-1\" \/>\n<link rel=\"canonical\" href=\"https:\/\/lamaquia.cat\/cas\/\" \/>\n<meta property=\"og:locale\" content=\"es_ES\" \/>\n<meta property=\"og:type\" content=\"article\" \/>\n<meta property=\"og:title\" content=\"Inicio - La Maquia\" \/>\n<meta property=\"og:url\" content=\"https:\/\/lamaquia.cat\/cas\/\" \/>\n<meta property=\"og:site_name\" content=\"La Maquia\" \/>\n<meta property=\"article:modified_time\" content=\"2025-02-20T10:29:44+00:00\" \/>\n<meta property=\"og:image\" content=\"https:\/\/lamaquia.cat\/cas\/wp-content\/uploads\/sites\/2\/2024\/10\/Logo-La-Maquia_Fucsia_Web.png\" \/>\n\t<meta property=\"og:image:width\" content=\"512\" \/>\n\t<meta property=\"og:image:height\" content=\"512\" \/>\n\t<meta property=\"og:image:type\" content=\"image\/png\" \/>\n<meta name=\"twitter:card\" content=\"summary_large_image\" \/>\n<meta name=\"twitter:site\" content=\"@azadijin_cat\" \/>\n<script type=\"application\/ld+json\" class=\"yoast-schema-graph\">{\"@context\":\"https:\/\/schema.org\",\"@graph\":[{\"@type\":\"WebPage\",\"@id\":\"https:\/\/lamaquia.cat\/cas\/\",\"url\":\"https:\/\/lamaquia.cat\/cas\/\",\"name\":\"Inicio - La Maquia\",\"isPartOf\":{\"@id\":\"https:\/\/lamaquia.cat\/cas\/#website\"},\"datePublished\":\"2024-10-30T08:55:38+00:00\",\"dateModified\":\"2025-02-20T10:29:44+00:00\",\"breadcrumb\":{\"@id\":\"https:\/\/lamaquia.cat\/cas\/#breadcrumb\"},\"inLanguage\":\"es\",\"potentialAction\":[{\"@type\":\"ReadAction\",\"target\":[\"https:\/\/lamaquia.cat\/cas\/\"]}]},{\"@type\":\"BreadcrumbList\",\"@id\":\"https:\/\/lamaquia.cat\/cas\/#breadcrumb\",\"itemListElement\":[{\"@type\":\"ListItem\",\"position\":1,\"name\":\"LaMaquia\",\"item\":\"https:\/\/lamaquia.cat\/cas\/\"},{\"@type\":\"ListItem\",\"position\":2,\"name\":\"Inicio\"}]},{\"@type\":\"WebSite\",\"@id\":\"https:\/\/lamaquia.cat\/cas\/#website\",\"url\":\"https:\/\/lamaquia.cat\/cas\/\",\"name\":\"La Maquia\",\"description\":\"P\u00e1gina web de la organizaci\u00f3n La M\u00e0quia Azadi jin\",\"publisher\":{\"@id\":\"https:\/\/lamaquia.cat\/cas\/#organization\"},\"potentialAction\":[{\"@type\":\"SearchAction\",\"target\":{\"@type\":\"EntryPoint\",\"urlTemplate\":\"https:\/\/lamaquia.cat\/cas\/?s={search_term_string}\"},\"query-input\":{\"@type\":\"PropertyValueSpecification\",\"valueRequired\":true,\"valueName\":\"search_term_string\"}}],\"inLanguage\":\"es\"},{\"@type\":\"Organization\",\"@id\":\"https:\/\/lamaquia.cat\/cas\/#organization\",\"name\":\"La Maquia\",\"url\":\"https:\/\/lamaquia.cat\/cas\/\",\"logo\":{\"@type\":\"ImageObject\",\"inLanguage\":\"es\",\"@id\":\"https:\/\/lamaquia.cat\/cas\/#\/schema\/logo\/image\/\",\"url\":\"https:\/\/lamaquia.cat\/cas\/wp-content\/uploads\/sites\/2\/2024\/10\/Logo-La-Maquia_Fucsia_Web.png\",\"contentUrl\":\"https:\/\/lamaquia.cat\/cas\/wp-content\/uploads\/sites\/2\/2024\/10\/Logo-La-Maquia_Fucsia_Web.png\",\"width\":512,\"height\":512,\"caption\":\"La Maquia\"},\"image\":{\"@id\":\"https:\/\/lamaquia.cat\/cas\/#\/schema\/logo\/image\/\"},\"sameAs\":[\"https:\/\/x.com\/azadijin_cat\",\"https:\/\/www.instagram.com\/la.maquia\/\"]}]}<\/script>\n<!-- \/ Yoast SEO plugin. -->","yoast_head_json":{"title":"Inicio - La Maquia","robots":{"index":"index","follow":"follow","max-snippet":"max-snippet:-1","max-image-preview":"max-image-preview:large","max-video-preview":"max-video-preview:-1"},"canonical":"https:\/\/lamaquia.cat\/cas\/","og_locale":"es_ES","og_type":"article","og_title":"Inicio - La Maquia","og_url":"https:\/\/lamaquia.cat\/cas\/","og_site_name":"La Maquia","article_modified_time":"2025-02-20T10:29:44+00:00","og_image":[{"width":512,"height":512,"url":"https:\/\/lamaquia.cat\/cas\/wp-content\/uploads\/sites\/2\/2024\/10\/Logo-La-Maquia_Fucsia_Web.png","type":"image\/png"}],"twitter_card":"summary_large_image","twitter_site":"@azadijin_cat","schema":{"@context":"https:\/\/schema.org","@graph":[{"@type":"WebPage","@id":"https:\/\/lamaquia.cat\/cas\/","url":"https:\/\/lamaquia.cat\/cas\/","name":"Inicio - La Maquia","isPartOf":{"@id":"https:\/\/lamaquia.cat\/cas\/#website"},"datePublished":"2024-10-30T08:55:38+00:00","dateModified":"2025-02-20T10:29:44+00:00","breadcrumb":{"@id":"https:\/\/lamaquia.cat\/cas\/#breadcrumb"},"inLanguage":"es","potentialAction":[{"@type":"ReadAction","target":["https:\/\/lamaquia.cat\/cas\/"]}]},{"@type":"BreadcrumbList","@id":"https:\/\/lamaquia.cat\/cas\/#breadcrumb","itemListElement":[{"@type":"ListItem","position":1,"name":"LaMaquia","item":"https:\/\/lamaquia.cat\/cas\/"},{"@type":"ListItem","position":2,"name":"Inicio"}]},{"@type":"WebSite","@id":"https:\/\/lamaquia.cat\/cas\/#website","url":"https:\/\/lamaquia.cat\/cas\/","name":"La Maquia","description":"P\u00e1gina web de la organizaci\u00f3n La M\u00e0quia Azadi jin","publisher":{"@id":"https:\/\/lamaquia.cat\/cas\/#organization"},"potentialAction":[{"@type":"SearchAction","target":{"@type":"EntryPoint","urlTemplate":"https:\/\/lamaquia.cat\/cas\/?s={search_term_string}"},"query-input":{"@type":"PropertyValueSpecification","valueRequired":true,"valueName":"search_term_string"}}],"inLanguage":"es"},{"@type":"Organization","@id":"https:\/\/lamaquia.cat\/cas\/#organization","name":"La Maquia","url":"https:\/\/lamaquia.cat\/cas\/","logo":{"@type":"ImageObject","inLanguage":"es","@id":"https:\/\/lamaquia.cat\/cas\/#\/schema\/logo\/image\/","url":"https:\/\/lamaquia.cat\/cas\/wp-content\/uploads\/sites\/2\/2024\/10\/Logo-La-Maquia_Fucsia_Web.png","contentUrl":"https:\/\/lamaquia.cat\/cas\/wp-content\/uploads\/sites\/2\/2024\/10\/Logo-La-Maquia_Fucsia_Web.png","width":512,"height":512,"caption":"La Maquia"},"image":{"@id":"https:\/\/lamaquia.cat\/cas\/#\/schema\/logo\/image\/"},"sameAs":["https:\/\/x.com\/azadijin_cat","https:\/\/www.instagram.com\/la.maquia\/"]}]}},"_links":{"self":[{"href":"https:\/\/lamaquia.cat\/cas\/wp-json\/wp\/v2\/pages\/8","targetHints":{"allow":["GET"]}}],"collection":[{"href":"https:\/\/lamaquia.cat\/cas\/wp-json\/wp\/v2\/pages"}],"about":[{"href":"https:\/\/lamaquia.cat\/cas\/wp-json\/wp\/v2\/types\/page"}],"author":[{"embeddable":true,"href":"https:\/\/lamaquia.cat\/cas\/wp-json\/wp\/v2\/users\/1"}],"replies":[{"embeddable":true,"href":"https:\/\/lamaquia.cat\/cas\/wp-json\/wp\/v2\/comments?post=8"}],"version-history":[{"count":24,"href":"https:\/\/lamaquia.cat\/cas\/wp-json\/wp\/v2\/pages\/8\/revisions"}],"predecessor-version":[{"id":803,"href":"https:\/\/lamaquia.cat\/cas\/wp-json\/wp\/v2\/pages\/8\/revisions\/803"}],"wp:attachment":[{"href":"https:\/\/lamaquia.cat\/cas\/wp-json\/wp\/v2\/media?parent=8"}],"curies":[{"name":"wp","href":"https:\/\/api.w.org\/{rel}","templated":true}]}}